{"id":477,"date":"2024-03-22T01:22:57","date_gmt":"2024-03-22T00:22:57","guid":{"rendered":"https:\/\/www.feilacher.com\/2k24\/?page_id=477"},"modified":"2025-07-15T13:23:05","modified_gmt":"2025-07-15T11:23:05","slug":"aktuell","status":"publish","type":"page","link":"https:\/\/www.feilacher.com\/2k24\/en\/","title":{"rendered":"news"},"content":{"rendered":"<ul style=\"padding-top:0;padding-bottom:0;margin-top:0;margin-bottom:0;\" class=\"wp-block-latest-posts__list wp-block-latest-posts\"><li><a class=\"wp-block-latest-posts__post-title\" href=\"https:\/\/www.feilacher.com\/2k24\/en\/aktuell\/millstart25\/\">urspr\u00fcnglich\n_ber\u00fchrend!<\/a><div class=\"wp-block-latest-posts__post-full-content\"><!-- wp:group {\"metadata\":{\"name\":\"Voransicht\"},\"style\":{\"spacing\":{\"blockGap\":\"0\",\"margin\":{\"top\":\"0\",\"bottom\":\"0\"},\"padding\":{\"right\":\"0\",\"left\":\"0\"}}},\"layout\":{\"type\":\"constrained\",\"justifyContent\":\"left\",\"wideSize\":\"1160px\"}} -->\n<div class=\"wp-block-group\" style=\"margin-top:0;margin-bottom:0;padding-right:0;padding-left:0\"><!-- wp:media-text {\"align\":\"\",\"mediaId\":698,\"mediaLink\":\"https:\/\/www.feilacher.com\/2k24\/aktuell\/millstart25\/attachment\/img_5539-2\/\",\"mediaType\":\"image\",\"mediaWidth\":56,\"mediaSizeSlug\":\"full\",\"verticalAlignment\":\"top\",\"imageFill\":true,\"focalPoint\":{\"x\":0.97,\"y\":0.58},\"style\":{\"elements\":{\"link\":{\"color\":{\"text\":\"var:preset|color|links\"}}},\"spacing\":{\"margin\":{\"right\":\"0\",\"left\":\"0\",\"top\":\"0\",\"bottom\":\"0\"},\"padding\":{\"right\":\"0\",\"left\":\"0\"}}},\"backgroundColor\":\"white\",\"textColor\":\"links\"} -->\n<div class=\"wp-block-media-text is-stacked-on-mobile is-vertically-aligned-top is-image-fill-element has-links-color has-white-background-color has-text-color has-background has-link-color\" style=\"margin-top:0;margin-right:0;margin-bottom:0;margin-left:0;padding-right:0;padding-left:0;grid-template-columns:56% auto\"><figure class=\"wp-block-media-text__media\"><img decoding=\"async\" width=\"1024\" height=\"768\" src=\"https:\/\/www.feilacher.com\/2k24\/wp-content\/uploads\/2025\/07\/IMG_5539-1-1024x768.jpeg\" alt=\"\" class=\"wp-image-698 size-full\" style=\"object-position:97% 58%\" srcset=\"https:\/\/www.feilacher.com\/2k24\/wp-content\/uploads\/2025\/07\/IMG_5539-1-1024x768.jpeg 1024w, https:\/\/www.feilacher.com\/2k24\/wp-content\/uploads\/2025\/07\/IMG_5539-1-300x225.jpeg 300w, https:\/\/www.feilacher.com\/2k24\/wp-content\/uploads\/2025\/07\/IMG_5539-1-768x576.jpeg 768w, https:\/\/www.feilacher.com\/2k24\/wp-content\/uploads\/2025\/07\/IMG_5539-1-16x12.jpeg 16w, https:\/\/www.feilacher.com\/2k24\/wp-content\/uploads\/2025\/07\/IMG_5539-1-480x360.jpeg 480w, https:\/\/www.feilacher.com\/2k24\/wp-content\/uploads\/2025\/07\/IMG_5539-1-240x180.jpeg 240w, https:\/\/www.feilacher.com\/2k24\/wp-content\/uploads\/2025\/07\/IMG_5539-1.jpeg 1280w\" sizes=\"(max-width: 1024px) 100vw, 1024px\" \/><\/figure><div class=\"wp-block-media-text__content\"><!-- wp:group {\"style\":{\"spacing\":{\"padding\":{\"top\":\"2em\",\"right\":\"2em\",\"bottom\":\"2em\",\"left\":\"2em\"}},\"elements\":{\"link\":{\"color\":{\"text\":\"#fffdc7\"}}}}} -->\n<div class=\"wp-block-group has-link-color\" style=\"padding-top:2em;padding-right:2em;padding-bottom:2em;padding-left:2em\"><!-- wp:heading {\"level\":3,\"style\":{\"spacing\":{\"margin\":{\"top\":\"0\",\"bottom\":\"0\"}},\"typography\":{\"textTransform\":\"none\",\"fontSize\":\"1.62rem\"}}} -->\n<h3 class=\"wp-block-heading\" style=\"margin-top:0;margin-bottom:0;font-size:1.62rem;text-transform:none\"><strong>Ausstellung des Kunstvereins MillstART:<\/strong><\/h3>\n<!-- \/wp:heading -->\n\n<!-- wp:paragraph {\"style\":{\"spacing\":{\"margin\":{\"top\":\"var:preset|spacing|30\",\"bottom\":\"var:preset|spacing|30\"}},\"typography\":{\"lineHeight\":\"1.2\"}},\"fontSize\":\"large\",\"TrpContentRestriction\":{\"restriction_type\":\"exclude\",\"selected_languages\":[],\"panel_open\":false}} -->\n<p class=\"has-large-font-size\" style=\"margin-top:var(--wp--preset--spacing--30);margin-bottom:var(--wp--preset--spacing--30);line-height:1.2\">urspr\u00fcnglich<br>_ber\u00fchrend!<\/p>\n<!-- \/wp:paragraph -->\n\n<!-- wp:paragraph {\"style\":{\"typography\":{\"fontSize\":\"0.9rem\"},\"spacing\":{\"margin\":{\"bottom\":\"var:preset|spacing|30\"}}}} -->\n<p style=\"margin-bottom:var(--wp--preset--spacing--30);font-size:0.9rem\">Ab Juni bis 3. Oktober 2025 im Stift Millstadt, K\u00e4rnten.<\/p>\n<!-- \/wp:paragraph -->\n\n<!-- wp:paragraph -->\n<p>Im Rahmen von &#8222;urspr\u00fcnglich_ber\u00fchrend! gugging goes millstART&#8220; werden mehrere Werke im und rund um das Stift Millstadt zu sehen sein. Die Ausstellung ist bis 3. Oktober bei freiem Eintritt ge\u00f6ffnet.<\/p>\n<!-- \/wp:paragraph -->\n\n<!-- wp:image {\"lightbox\":{\"enabled\":false},\"id\":679,\"width\":\"690px\",\"height\":\"auto\",\"sizeSlug\":\"large\",\"linkDestination\":\"custom\",\"style\":{\"color\":{\"duotone\":\"unset\"}}} -->\n<figure class=\"wp-block-image size-large is-resized\"><a href=\"https:\/\/millstart.at\/\" target=\"_blank\" rel=\" noreferrer noopener\"><img decoding=\"async\" width=\"1024\" height=\"516\" src=\"https:\/\/www.feilacher.com\/2k24\/wp-content\/uploads\/2025\/07\/Screenshot-2025-07-14-at-02.13.03-1024x516.png\" alt=\"urspr\u00fcnglich_ber\u00fchrend Ausstellungsflyer\" class=\"wp-image-679\" style=\"width:690px;height:auto\" srcset=\"https:\/\/www.feilacher.com\/2k24\/wp-content\/uploads\/2025\/07\/Screenshot-2025-07-14-at-02.13.03-1024x516.png 1024w, https:\/\/www.feilacher.com\/2k24\/wp-content\/uploads\/2025\/07\/Screenshot-2025-07-14-at-02.13.03-300x151.png 300w, https:\/\/www.feilacher.com\/2k24\/wp-content\/uploads\/2025\/07\/Screenshot-2025-07-14-at-02.13.03-768x387.png 768w, https:\/\/www.feilacher.com\/2k24\/wp-content\/uploads\/2025\/07\/Screenshot-2025-07-14-at-02.13.03-1536x774.png 1536w, https:\/\/www.feilacher.com\/2k24\/wp-content\/uploads\/2025\/07\/Screenshot-2025-07-14-at-02.13.03-18x9.png 18w, https:\/\/www.feilacher.com\/2k24\/wp-content\/uploads\/2025\/07\/Screenshot-2025-07-14-at-02.13.03-480x242.png 480w, https:\/\/www.feilacher.com\/2k24\/wp-content\/uploads\/2025\/07\/Screenshot-2025-07-14-at-02.13.03-240x121.png 240w, https:\/\/www.feilacher.com\/2k24\/wp-content\/uploads\/2025\/07\/Screenshot-2025-07-14-at-02.13.03.png 1918w\" sizes=\"(max-width: 1024px) 100vw, 1024px\" \/><\/a><\/figure>\n<!-- \/wp:image -->\n\n<!-- wp:paragraph -->\n<p><strong>Die Ausstellung t\u00e4glich von 10 \u2013 14 Uhr und von 15 \u2013 18 Uhr ge\u00f6ffnet. Die Au\u00dfenbereiche sind durchgehend zug\u00e4nglich!<\/strong><br><br><\/p>\n<!-- \/wp:paragraph --><\/div>\n<!-- \/wp:group --><\/div><\/div>\n<!-- \/wp:media-text -->\n\n<!-- wp:more {\"lock\":{\"move\":true,\"remove\":true}} -->\n<!--more-->\n<!-- \/wp:more --><\/div>\n<!-- \/wp:group -->\n\n<!-- wp:separator {\"align\":\"wide\",\"className\":\"is-style-dots\",\"style\":{\"spacing\":{\"margin\":{\"top\":\"var:preset|spacing|50\",\"bottom\":\"var:preset|spacing|50\"}}}} -->\n<hr class=\"wp-block-separator alignwide has-alpha-channel-opacity is-style-dots\" style=\"margin-top:var(--wp--preset--spacing--50);margin-bottom:var(--wp--preset--spacing--50)\" \/>\n<!-- \/wp:separator -->\n\n<!-- wp:columns {\"fontSize\":\"small\",\"TrpContentRestriction\":{\"restriction_type\":\"include\",\"selected_languages\":[],\"panel_open\":true}} -->\n<div class=\"wp-block-columns has-small-font-size\"><!-- wp:column {\"width\":\"33.33%\"} -->\n<div class=\"wp-block-column\" style=\"flex-basis:33.33%\"><!-- wp:post-title \/-->\n\n<!-- wp:paragraph -->\n<p>Werke sind sowohl im Innen-, als auch im Au\u00dfenbereich aufgestellt.<\/p>\n<!-- \/wp:paragraph -->\n\n<!-- wp:paragraph -->\n<p>Installation in der Stiftskirche &gt;<\/p>\n<!-- \/wp:paragraph -->\n\n<!-- wp:paragraph -->\n<p>weitere Informationen unter:<br><\/p>\n<!-- \/wp:paragraph -->\n\n<!-- wp:image {\"lightbox\":{\"enabled\":false},\"id\":679,\"width\":\"690px\",\"height\":\"auto\",\"sizeSlug\":\"large\",\"linkDestination\":\"custom\",\"style\":{\"color\":{\"duotone\":\"unset\"}}} -->\n<figure class=\"wp-block-image size-large is-resized\"><a href=\"https:\/\/millstart.at\/\" target=\"_blank\" rel=\" noreferrer noopener\"><img decoding=\"async\" width=\"1024\" height=\"516\" src=\"https:\/\/www.feilacher.com\/2k24\/wp-content\/uploads\/2025\/07\/Screenshot-2025-07-14-at-02.13.03-1024x516.png\" alt=\"urspr\u00fcnglich_ber\u00fchrend Ausstellungsflyer\" class=\"wp-image-679\" style=\"width:690px;height:auto\" srcset=\"https:\/\/www.feilacher.com\/2k24\/wp-content\/uploads\/2025\/07\/Screenshot-2025-07-14-at-02.13.03-1024x516.png 1024w, https:\/\/www.feilacher.com\/2k24\/wp-content\/uploads\/2025\/07\/Screenshot-2025-07-14-at-02.13.03-300x151.png 300w, https:\/\/www.feilacher.com\/2k24\/wp-content\/uploads\/2025\/07\/Screenshot-2025-07-14-at-02.13.03-768x387.png 768w, https:\/\/www.feilacher.com\/2k24\/wp-content\/uploads\/2025\/07\/Screenshot-2025-07-14-at-02.13.03-1536x774.png 1536w, https:\/\/www.feilacher.com\/2k24\/wp-content\/uploads\/2025\/07\/Screenshot-2025-07-14-at-02.13.03-18x9.png 18w, https:\/\/www.feilacher.com\/2k24\/wp-content\/uploads\/2025\/07\/Screenshot-2025-07-14-at-02.13.03-480x242.png 480w, https:\/\/www.feilacher.com\/2k24\/wp-content\/uploads\/2025\/07\/Screenshot-2025-07-14-at-02.13.03-240x121.png 240w, https:\/\/www.feilacher.com\/2k24\/wp-content\/uploads\/2025\/07\/Screenshot-2025-07-14-at-02.13.03.png 1918w\" sizes=\"(max-width: 1024px) 100vw, 1024px\" \/><\/a><\/figure>\n<!-- \/wp:image --><\/div>\n<!-- \/wp:column -->\n\n<!-- wp:column {\"width\":\"66.66%\"} -->\n<div class=\"wp-block-column\" style=\"flex-basis:66.66%\"><!-- wp:image {\"id\":680,\"sizeSlug\":\"large\",\"linkDestination\":\"media\"} -->\n<figure class=\"wp-block-image size-large\"><a href=\"https:\/\/www.feilacher.com\/2k24\/wp-content\/uploads\/2025\/07\/IMG_5407-Kopie.jpeg\"><img decoding=\"async\" width=\"1024\" height=\"768\" src=\"https:\/\/www.feilacher.com\/2k24\/wp-content\/uploads\/2025\/07\/IMG_5407-Kopie-1024x768.jpeg\" alt=\"\" class=\"wp-image-680\" srcset=\"https:\/\/www.feilacher.com\/2k24\/wp-content\/uploads\/2025\/07\/IMG_5407-Kopie-1024x768.jpeg 1024w, https:\/\/www.feilacher.com\/2k24\/wp-content\/uploads\/2025\/07\/IMG_5407-Kopie-300x225.jpeg 300w, https:\/\/www.feilacher.com\/2k24\/wp-content\/uploads\/2025\/07\/IMG_5407-Kopie-768x576.jpeg 768w, https:\/\/www.feilacher.com\/2k24\/wp-content\/uploads\/2025\/07\/IMG_5407-Kopie-16x12.jpeg 16w, https:\/\/www.feilacher.com\/2k24\/wp-content\/uploads\/2025\/07\/IMG_5407-Kopie-480x360.jpeg 480w, https:\/\/www.feilacher.com\/2k24\/wp-content\/uploads\/2025\/07\/IMG_5407-Kopie-240x180.jpeg 240w, https:\/\/www.feilacher.com\/2k24\/wp-content\/uploads\/2025\/07\/IMG_5407-Kopie.jpeg 1280w\" sizes=\"(max-width: 1024px) 100vw, 1024px\" \/><\/a><\/figure>\n<!-- \/wp:image --><\/div>\n<!-- \/wp:column --><\/div>\n<!-- \/wp:columns -->\n\n<!-- wp:columns -->\n<div class=\"wp-block-columns\"><!-- wp:column {\"width\":\"33.33%\"} -->\n<div class=\"wp-block-column\" style=\"flex-basis:33.33%\"><!-- wp:image {\"id\":683,\"sizeSlug\":\"large\",\"linkDestination\":\"media\"} -->\n<figure class=\"wp-block-image size-large\"><a href=\"https:\/\/www.feilacher.com\/2k24\/wp-content\/uploads\/2025\/07\/IMG_5438-Kopie.jpeg\"><img decoding=\"async\" width=\"768\" height=\"1024\" src=\"https:\/\/www.feilacher.com\/2k24\/wp-content\/uploads\/2025\/07\/IMG_5438-Kopie-768x1024.jpeg\" alt=\"\" class=\"wp-image-683\" srcset=\"https:\/\/www.feilacher.com\/2k24\/wp-content\/uploads\/2025\/07\/IMG_5438-Kopie-768x1024.jpeg 768w, https:\/\/www.feilacher.com\/2k24\/wp-content\/uploads\/2025\/07\/IMG_5438-Kopie-225x300.jpeg 225w, https:\/\/www.feilacher.com\/2k24\/wp-content\/uploads\/2025\/07\/IMG_5438-Kopie-9x12.jpeg 9w, https:\/\/www.feilacher.com\/2k24\/wp-content\/uploads\/2025\/07\/IMG_5438-Kopie-360x480.jpeg 360w, https:\/\/www.feilacher.com\/2k24\/wp-content\/uploads\/2025\/07\/IMG_5438-Kopie-180x240.jpeg 180w, https:\/\/www.feilacher.com\/2k24\/wp-content\/uploads\/2025\/07\/IMG_5438-Kopie.jpeg 960w\" sizes=\"(max-width: 768px) 100vw, 768px\" \/><\/a><\/figure>\n<!-- \/wp:image --><\/div>\n<!-- \/wp:column -->\n\n<!-- wp:column {\"width\":\"33.33%\"} -->\n<div class=\"wp-block-column\" style=\"flex-basis:33.33%\"><!-- wp:image {\"id\":681,\"sizeSlug\":\"large\",\"linkDestination\":\"media\"} -->\n<figure class=\"wp-block-image size-large\"><a href=\"https:\/\/www.feilacher.com\/2k24\/wp-content\/uploads\/2025\/07\/IMG_5414-Kopie-rotated.jpeg\"><img decoding=\"async\" width=\"768\" height=\"1024\" src=\"https:\/\/www.feilacher.com\/2k24\/wp-content\/uploads\/2025\/07\/IMG_5414-Kopie-768x1024.jpeg\" alt=\"\" class=\"wp-image-681\" srcset=\"https:\/\/www.feilacher.com\/2k24\/wp-content\/uploads\/2025\/07\/IMG_5414-Kopie-768x1024.jpeg 768w, https:\/\/www.feilacher.com\/2k24\/wp-content\/uploads\/2025\/07\/IMG_5414-Kopie-225x300.jpeg 225w, https:\/\/www.feilacher.com\/2k24\/wp-content\/uploads\/2025\/07\/IMG_5414-Kopie-9x12.jpeg 9w, https:\/\/www.feilacher.com\/2k24\/wp-content\/uploads\/2025\/07\/IMG_5414-Kopie-360x480.jpeg 360w, https:\/\/www.feilacher.com\/2k24\/wp-content\/uploads\/2025\/07\/IMG_5414-Kopie-180x240.jpeg 180w, https:\/\/www.feilacher.com\/2k24\/wp-content\/uploads\/2025\/07\/IMG_5414-Kopie-rotated.jpeg 960w\" sizes=\"(max-width: 768px) 100vw, 768px\" \/><\/a><\/figure>\n<!-- \/wp:image --><\/div>\n<!-- \/wp:column -->\n\n<!-- wp:column {\"width\":\"33.33%\"} -->\n<div class=\"wp-block-column\" style=\"flex-basis:33.33%\"><!-- wp:image {\"id\":682,\"sizeSlug\":\"large\",\"linkDestination\":\"media\"} -->\n<figure class=\"wp-block-image size-large\"><a href=\"https:\/\/www.feilacher.com\/2k24\/wp-content\/uploads\/2025\/07\/IMG_5433-Kopie-rotated.jpeg\"><img decoding=\"async\" width=\"768\" height=\"1024\" src=\"https:\/\/www.feilacher.com\/2k24\/wp-content\/uploads\/2025\/07\/IMG_5433-Kopie-768x1024.jpeg\" alt=\"\" class=\"wp-image-682\" srcset=\"https:\/\/www.feilacher.com\/2k24\/wp-content\/uploads\/2025\/07\/IMG_5433-Kopie-768x1024.jpeg 768w, https:\/\/www.feilacher.com\/2k24\/wp-content\/uploads\/2025\/07\/IMG_5433-Kopie-225x300.jpeg 225w, https:\/\/www.feilacher.com\/2k24\/wp-content\/uploads\/2025\/07\/IMG_5433-Kopie-9x12.jpeg 9w, https:\/\/www.feilacher.com\/2k24\/wp-content\/uploads\/2025\/07\/IMG_5433-Kopie-360x480.jpeg 360w, https:\/\/www.feilacher.com\/2k24\/wp-content\/uploads\/2025\/07\/IMG_5433-Kopie-180x240.jpeg 180w, https:\/\/www.feilacher.com\/2k24\/wp-content\/uploads\/2025\/07\/IMG_5433-Kopie-rotated.jpeg 960w\" sizes=\"(max-width: 768px) 100vw, 768px\" \/><\/a><\/figure>\n<!-- \/wp:image --><\/div>\n<!-- \/wp:column --><\/div>\n<!-- \/wp:columns --><\/div><\/li>\n<\/ul>","protected":false},"excerpt":{"rendered":"","protected":false},"author":1,"featured_media":694,"parent":0,"menu_order":0,"comment_status":"closed","ping_status":"closed","template":"home.php","meta":{"_acf_changed":false,"footnotes":""},"class_list":["post-477","page","type-page","status-publish","has-post-thumbnail","hentry"],"acf":[],"_links":{"self":[{"href":"https:\/\/www.feilacher.com\/2k24\/en\/wp-json\/wp\/v2\/pages\/477","targetHints":{"allow":["GET"]}}],"collection":[{"href":"https:\/\/www.feilacher.com\/2k24\/en\/wp-json\/wp\/v2\/pages"}],"about":[{"href":"https:\/\/www.feilacher.com\/2k24\/en\/wp-json\/wp\/v2\/types\/page"}],"author":[{"embeddable":true,"href":"https:\/\/www.feilacher.com\/2k24\/en\/wp-json\/wp\/v2\/users\/1"}],"replies":[{"embeddable":true,"href":"https:\/\/www.feilacher.com\/2k24\/en\/wp-json\/wp\/v2\/comments?post=477"}],"version-history":[{"count":0,"href":"https:\/\/www.feilacher.com\/2k24\/en\/wp-json\/wp\/v2\/pages\/477\/revisions"}],"wp:featuredmedia":[{"embeddable":true,"href":"https:\/\/www.feilacher.com\/2k24\/en\/wp-json\/wp\/v2\/media\/694"}],"wp:attachment":[{"href":"https:\/\/www.feilacher.com\/2k24\/en\/wp-json\/wp\/v2\/media?parent=477"}],"curies":[{"name":"wp","href":"https:\/\/api.w.org\/{rel}","templated":true}]}}