{"id":460,"date":"2024-03-22T00:03:08","date_gmt":"2024-03-21T23:03:08","guid":{"rendered":"https:\/\/www.feilacher.com\/2k24\/?page_id=460"},"modified":"2024-06-23T18:27:15","modified_gmt":"2024-06-23T16:27:15","slug":"einzelausstellungen","status":"publish","type":"page","link":"https:\/\/www.feilacher.com\/2k24\/en\/aussttellungen\/einzelausstellungen\/","title":{"rendered":"solo exhibitions"},"content":{"rendered":"<div data-wp-context=\"{}\" data-wp-interactive=\"core\/query\" data-wp-key=\"75\" data-wp-router-region=\"query-75\" class=\"wp-block-query is-content-justification-left is-layout-constrained wp-container-core-query-is-layout-f4de4a85 wp-block-query-is-layout-constrained\"><ul class=\"wp-block-post-template is-layout-flow wp-block-post-template-is-layout-flow\"><li data-wp-key=\"post-template-item-563\" class=\"wp-block-post post-563 post type-post status-publish format-standard hentry category-ausstellungen category-einzelausstellungen\">\n\n<div class=\"wp-block-columns is-layout-flex wp-container-core-columns-is-layout-632f6b3e wp-block-columns-is-layout-flex\" style=\"margin-top:var(--wp--preset--spacing--30);margin-bottom:var(--wp--preset--spacing--30);padding-top:0;padding-right:0;padding-bottom:0;padding-left:0\">\n<div class=\"wp-block-column is-vertically-aligned-top is-layout-flow wp-block-column-is-layout-flow\" style=\"flex-basis:4em\"><div class=\"wp-block-post-date has-small-font-size\"><time datetime=\"2024-05-14T11:28:37+02:00\">May 14<\/time><\/div><\/div>\n\n\n\n<div class=\"wp-block-column is-vertically-aligned-center is-layout-flow wp-block-column-is-layout-flow\"><h2 style=\"margin-top:0px;margin-bottom:0px;\" class=\"wp-block-post-title has-large-font-size\"><a href=\"https:\/\/www.feilacher.com\/2k24\/en\/ausstellungen\/galeriekrems\/\" target=\"_self\" >galeriekrems<\/a><\/h2><\/div>\n<\/div>\n\n\n\n<hr class=\"wp-block-separator has-css-opacity is-style-wide\"\/>\n\n<\/li><\/ul><\/div>\n\n\n\n<h5 class=\"wp-block-heading\" style=\"font-style:normal;font-weight:700;text-transform:uppercase\">Archiv<\/h5>\n\n\n\n<p>2024        Galerie Krems, Krems, A<\/p>\n\n\n\n<div class=\"wp-block-group is-nowrap is-layout-flex wp-container-core-group-is-layout-6c531013 wp-block-group-is-layout-flex\">\n<figure class=\"wp-block-table is-style-stripes has-small-font-size\"><table class=\"has-primary-color has-background-background-color has-text-color has-background has-link-color\" style=\"border-style:none;border-width:0px\"><tbody><tr><td>2022<\/td><td>Eco-art, Wien, A<\/td><\/tr><tr><td>2013<\/td><td>Galerie grenzART, Hollabrunn, A<\/td><\/tr><tr><td>2012\/13<\/td><td>Werner Berg Museum, Bleiburg, A<\/td><\/tr><tr><td>2011<\/td><td>Freilichtmuseum Gerersdorf, A<\/td><\/tr><tr><td>2010<\/td><td>Museum Humanum, Fratres, A &nbsp; * &nbsp;&nbsp;Stadtgalerie am Minoritenplatz, Wolfsberg, A<\/td><\/tr><tr><td>2007<\/td><td>Museum Lignorama, Ried, A<\/td><\/tr><tr><td>2006<\/td><td>Kunsthaus Nexus, Saalfelden, A<\/td><\/tr><tr><td>2005<\/td><td>Galerie Chobot, Wien, A<\/td><\/tr><tr><td>2004<\/td><td>Galerie Chobot, Wien, A<\/td><\/tr><tr><td>2003<\/td><td>Galerie Pimmingsdorfer, Schloss Peuerbach<\/td><\/tr><tr><td>2002<\/td><td>Stadtmuseum St. P\u00f6lten, Hauptplatz, A<\/td><\/tr><tr><td><\/td><td>Galeria Casa Strobele, Borgo Valsugana, I<\/td><\/tr><tr><td>1999<\/td><td>The New Gallery, Art Dep. University of Miami, Miami, USA<\/td><\/tr><tr><td>1998<\/td><td>Galerie Freihausgasse, Villach, A<\/td><\/tr><tr><td><\/td><td>Landscape Art Project am Wachtberg, Tautendorf, A<\/td><\/tr><tr><td>1997<\/td><td>Hunt Gallery, Art Dep. Webster University, Saint Louis, USA<\/td><\/tr><tr><td><\/td><td>Toscana Park, Gmunden, A<\/td><\/tr><tr><td>1996<\/td><td>Galerie Walker, Klagenfurt, A<\/td><\/tr><tr><td>1995<\/td><td>Kunstwerkstatt Tulln, A<\/td><\/tr><tr><td>1994<\/td><td>Kouros Gallery, New York, USA<\/td><\/tr><tr><td>1993<\/td><td>Otto Nagl Galerie, Kunstamt Wedding, Berlin, D<\/td><\/tr><tr><td><\/td><td>Galerie Unart, Villach, A<\/td><\/tr><tr><td>1991<\/td><td>N. \u00d6. Dokumentationszentrum f\u00fcr moderne Kunst, St. P\u00f6lten, A<\/td><\/tr><tr><td><\/td><td>Galerie L\u00fcthi &amp; L\u00fcthi, Kreuzlingen, CH<\/td><\/tr><tr><td><\/td><td>Kunstwerkstatt Tulln, A<\/td><\/tr><tr><td>1981<\/td><td>Galerie Marokkanergasse, Wien, A<\/td><\/tr><tr><td><\/td><td><\/td><\/tr><\/tbody><\/table><\/figure>\n<\/div>\n\n\n\n<div style=\"height:100px\" aria-hidden=\"true\" class=\"wp-block-spacer\"><\/div>","protected":false},"excerpt":{"rendered":"<p>Archiv 2024 Galerie Krems, Krems, A 2022 Eco-art, Wien, A 2013 Galerie grenzART, Hollabrunn, A 2012\/13 Werner Berg Museum, Bleiburg, A 2011 Freilichtmuseum Gerersdorf, A 2010 Museum Humanum, Fratres, A &nbsp; * &nbsp;&nbsp;Stadtgalerie am Minoritenplatz, Wolfsberg, A 2007 Museum Lignorama, Ried, A 2006 Kunsthaus Nexus, Saalfelden, A 2005 Galerie Chobot, Wien, A 2004 Galerie Chobot, [&hellip;]<\/p>\n","protected":false},"author":1,"featured_media":533,"parent":458,"menu_order":0,"comment_status":"closed","ping_status":"closed","template":"","meta":{"_acf_changed":false,"footnotes":""},"class_list":["post-460","page","type-page","status-publish","has-post-thumbnail","hentry"],"acf":[],"_links":{"self":[{"href":"https:\/\/www.feilacher.com\/2k24\/en\/wp-json\/wp\/v2\/pages\/460","targetHints":{"allow":["GET"]}}],"collection":[{"href":"https:\/\/www.feilacher.com\/2k24\/en\/wp-json\/wp\/v2\/pages"}],"about":[{"href":"https:\/\/www.feilacher.com\/2k24\/en\/wp-json\/wp\/v2\/types\/page"}],"author":[{"embeddable":true,"href":"https:\/\/www.feilacher.com\/2k24\/en\/wp-json\/wp\/v2\/users\/1"}],"replies":[{"embeddable":true,"href":"https:\/\/www.feilacher.com\/2k24\/en\/wp-json\/wp\/v2\/comments?post=460"}],"version-history":[{"count":0,"href":"https:\/\/www.feilacher.com\/2k24\/en\/wp-json\/wp\/v2\/pages\/460\/revisions"}],"up":[{"embeddable":true,"href":"https:\/\/www.feilacher.com\/2k24\/en\/wp-json\/wp\/v2\/pages\/458"}],"wp:featuredmedia":[{"embeddable":true,"href":"https:\/\/www.feilacher.com\/2k24\/en\/wp-json\/wp\/v2\/media\/533"}],"wp:attachment":[{"href":"https:\/\/www.feilacher.com\/2k24\/en\/wp-json\/wp\/v2\/media?parent=460"}],"curies":[{"name":"wp","href":"https:\/\/api.w.org\/{rel}","templated":true}]}}