{"id":120,"date":"2024-03-20T20:25:32","date_gmt":"2024-03-20T19:25:32","guid":{"rendered":"https:\/\/www.feilacher.com\/2k24\/?page_id=120"},"modified":"2025-03-22T17:09:59","modified_gmt":"2025-03-22T16:09:59","slug":"location","status":"publish","type":"page","link":"https:\/\/www.feilacher.com\/2k24\/en\/atelier\/location\/","title":{"rendered":"location, contact"},"content":{"rendered":"<div class=\"wp-block-cover is-light has-custom-content-position is-position-center-left has-small-font-size\" style=\"padding-top:0;padding-right:0;padding-bottom:0;padding-left:0\"><span aria-hidden=\"true\" class=\"wp-block-cover__background has-background-dim-100 has-background-dim\" style=\"background-color:#ffffff\"><\/span><div class=\"wp-block-cover__inner-container is-layout-flow wp-container-core-cover-is-layout-f8561097 wp-block-cover-is-layout-flow\">\n<div class=\"wp-block-media-text is-stacked-on-mobile is-vertically-aligned-center\" style=\"grid-template-columns:51% auto\"><figure class=\"wp-block-media-text__media\"><img decoding=\"async\" width=\"724\" height=\"1024\" src=\"https:\/\/www.feilacher.com\/2k24\/wp-content\/uploads\/2024\/03\/Kapriole_02--724x1024.jpg\" alt=\"\" class=\"wp-image-517 size-full\" srcset=\"https:\/\/www.feilacher.com\/2k24\/wp-content\/uploads\/2024\/03\/Kapriole_02--724x1024.jpg 724w, https:\/\/www.feilacher.com\/2k24\/wp-content\/uploads\/2024\/03\/Kapriole_02--212x300.jpg 212w, https:\/\/www.feilacher.com\/2k24\/wp-content\/uploads\/2024\/03\/Kapriole_02--768x1086.jpg 768w, https:\/\/www.feilacher.com\/2k24\/wp-content\/uploads\/2024\/03\/Kapriole_02--1086x1536.jpg 1086w, https:\/\/www.feilacher.com\/2k24\/wp-content\/uploads\/2024\/03\/Kapriole_02--1449x2048.jpg 1449w, https:\/\/www.feilacher.com\/2k24\/wp-content\/uploads\/2024\/03\/Kapriole_02--8x12.jpg 8w, https:\/\/www.feilacher.com\/2k24\/wp-content\/uploads\/2024\/03\/Kapriole_02--340x480.jpg 340w, https:\/\/www.feilacher.com\/2k24\/wp-content\/uploads\/2024\/03\/Kapriole_02--170x240.jpg 170w, https:\/\/www.feilacher.com\/2k24\/wp-content\/uploads\/2024\/03\/Kapriole_02--scaled.jpg 1811w\" sizes=\"(max-width: 724px) 100vw, 724px\" \/><\/figure><div class=\"wp-block-media-text__content\">\n<figure class=\"wp-block-image alignwide size-full\"><img decoding=\"async\" width=\"300\" height=\"148\" src=\"https:\/\/www.feilacher.com\/2k24\/wp-content\/uploads\/2024\/03\/karte-300x148-1.jpg\" alt=\"\" class=\"wp-image-124\" srcset=\"https:\/\/www.feilacher.com\/2k24\/wp-content\/uploads\/2024\/03\/karte-300x148-1.jpg 300w, https:\/\/www.feilacher.com\/2k24\/wp-content\/uploads\/2024\/03\/karte-300x148-1-18x9.jpg 18w, https:\/\/www.feilacher.com\/2k24\/wp-content\/uploads\/2024\/03\/karte-300x148-1-240x118.jpg 240w\" sizes=\"(max-width: 300px) 100vw, 300px\" \/><\/figure>\n\n\n\n<div class=\"wp-block-group alignwide is-layout-constrained wp-block-group-is-layout-constrained\">\n<p><\/p>\n\n\n\n<p class=\"has-primary-color has-text-color has-link-color has-small-font-size wp-elements-7559af23d777c3175beeb1e7942ab270\" style=\"padding-top:0;padding-right:0;padding-bottom:0;padding-left:0;line-height:1.5\">Alleestrasse 37<br>A-3464 Hausleiten,\u00a0<br>Nieder\u00f6sterreich, \u00d6sterreich<br><br>Tel: +43 664 161 0840<br><br>mail: johann@feilacher.com<br><br>Postadresse: Sch\u00fcrerplatz 8\/3, 3500 Krems\/Stein<\/p>\n\n\n\n<p><a href=\"https:\/\/maps.app.goo.gl\/x5NHU9VBnAYknXN47\">48\u00b0 24\u2032 47.321\u201c + 16\u00b0 5\u2032 10.699\u201c<\/a><\/p>\n<\/div>\n<\/div><\/div>\n<\/div><\/div>\n\n\n\n<p><\/p>","protected":false},"excerpt":{"rendered":"","protected":false},"author":1,"featured_media":121,"parent":118,"menu_order":0,"comment_status":"closed","ping_status":"closed","template":"","meta":{"_acf_changed":false,"footnotes":""},"class_list":["post-120","page","type-page","status-publish","has-post-thumbnail","hentry"],"acf":[],"_links":{"self":[{"href":"https:\/\/www.feilacher.com\/2k24\/en\/wp-json\/wp\/v2\/pages\/120","targetHints":{"allow":["GET"]}}],"collection":[{"href":"https:\/\/www.feilacher.com\/2k24\/en\/wp-json\/wp\/v2\/pages"}],"about":[{"href":"https:\/\/www.feilacher.com\/2k24\/en\/wp-json\/wp\/v2\/types\/page"}],"author":[{"embeddable":true,"href":"https:\/\/www.feilacher.com\/2k24\/en\/wp-json\/wp\/v2\/users\/1"}],"replies":[{"embeddable":true,"href":"https:\/\/www.feilacher.com\/2k24\/en\/wp-json\/wp\/v2\/comments?post=120"}],"version-history":[{"count":0,"href":"https:\/\/www.feilacher.com\/2k24\/en\/wp-json\/wp\/v2\/pages\/120\/revisions"}],"up":[{"embeddable":true,"href":"https:\/\/www.feilacher.com\/2k24\/en\/wp-json\/wp\/v2\/pages\/118"}],"wp:featuredmedia":[{"embeddable":true,"href":"https:\/\/www.feilacher.com\/2k24\/en\/wp-json\/wp\/v2\/media\/121"}],"wp:attachment":[{"href":"https:\/\/www.feilacher.com\/2k24\/en\/wp-json\/wp\/v2\/media?parent=120"}],"curies":[{"name":"wp","href":"https:\/\/api.w.org\/{rel}","templated":true}]}}