{"id":10,"date":"2024-03-20T10:38:29","date_gmt":"2024-03-20T09:38:29","guid":{"rendered":"https:\/\/www.feilacher.com\/2k24\/?page_id=10"},"modified":"2024-06-25T10:30:10","modified_gmt":"2024-06-25T08:30:10","slug":"biographie","status":"publish","type":"page","link":"https:\/\/www.feilacher.com\/2k24\/en\/zur-person\/biographie\/","title":{"rendered":"biography"},"content":{"rendered":"<p><\/p>\n\n\n\n<div class=\"wp-block-columns are-vertically-aligned-top is-layout-flex wp-container-core-columns-is-layout-28f84493 wp-block-columns-is-layout-flex\">\n<div class=\"wp-block-column is-vertically-aligned-top is-layout-flow wp-block-column-is-layout-flow\" style=\"flex-basis:27%\">\n<figure class=\"wp-block-image aligncenter size-medium is-resized\"><img decoding=\"async\" width=\"283\" height=\"300\" src=\"https:\/\/www.feilacher.com\/2k24\/wp-content\/uploads\/2024\/06\/Feilacher-hp-2024-283x300.jpg\" alt=\"\" class=\"wp-image-602\" style=\"aspect-ratio:1;object-fit:cover;width:297px;height:auto\" srcset=\"https:\/\/www.feilacher.com\/2k24\/wp-content\/uploads\/2024\/06\/Feilacher-hp-2024-283x300.jpg 283w, https:\/\/www.feilacher.com\/2k24\/wp-content\/uploads\/2024\/06\/Feilacher-hp-2024-965x1024.jpg 965w, https:\/\/www.feilacher.com\/2k24\/wp-content\/uploads\/2024\/06\/Feilacher-hp-2024-768x815.jpg 768w, https:\/\/www.feilacher.com\/2k24\/wp-content\/uploads\/2024\/06\/Feilacher-hp-2024-1447x1536.jpg 1447w, https:\/\/www.feilacher.com\/2k24\/wp-content\/uploads\/2024\/06\/Feilacher-hp-2024-1930x2048.jpg 1930w, https:\/\/www.feilacher.com\/2k24\/wp-content\/uploads\/2024\/06\/Feilacher-hp-2024-11x12.jpg 11w, https:\/\/www.feilacher.com\/2k24\/wp-content\/uploads\/2024\/06\/Feilacher-hp-2024-452x480.jpg 452w, https:\/\/www.feilacher.com\/2k24\/wp-content\/uploads\/2024\/06\/Feilacher-hp-2024-226x240.jpg 226w\" sizes=\"(max-width: 283px) 100vw, 283px\" \/><figcaption class=\"wp-element-caption\">                                           Foto: Theresa Feilacher<\/figcaption><\/figure>\n<\/div>\n\n\n\n<div class=\"wp-block-column is-vertically-aligned-top is-layout-flow wp-block-column-is-layout-flow\" style=\"flex-basis:320px\">\n<p class=\"has-small-font-size\" style=\"line-height:1.6\">Geb. 1954 in Villach, K\u00e4rnten, \u00d6sterreich.<br>Feilacher entwickelte sich nach einer l\u00e4ngeren Zeit als Maler in den achtziger Jahren als&nbsp;Bildhauer. Sein vorwiegendes Material war bis nach der Jahrtausendwende Holz, das er f\u00fcr&nbsp;Indoor und Outdoor \u2013 Skulpturen bis zu monumentalen Formaten bearbeitet.<\/p>\n\n\n\n<p class=\"has-small-font-size\" style=\"line-height:1.6\">Seit 2002&nbsp;erweiterte er seine Materialien auf Kombinationen Holz-Stahl sowie Kunststoff (glasklare&nbsp;G\u00fcsse aus Polyurethan) und baut Installationen aus kombinierten Materialien und gef\u00e4rbten Holzst\u00fccken. Holz verwendet der K\u00fcnstler, da ihn das organische, sich weiter bewegende Material besonders <\/p>\n<\/div>\n\n\n\n<div class=\"wp-block-column is-vertically-aligned-top is-layout-flow wp-block-column-is-layout-flow\" style=\"flex-basis:320px\">\n<p class=\"has-small-font-size\" style=\"line-height:1.6\">f\u00fcr diese digitale Zeit geeignet erscheint, sich damit einen Gegenpol zur \u201ek\u00fcnstlichen\u201c Welt zu schaffen.<\/p>\n\n\n\n<p class=\"has-small-font-size\" style=\"line-height:1.6\">Die Verwendung von abgestorbenen B\u00e4umen, auch mit bereits zerfallenden Teilen darin, als Zeichen der Gegenwart, der Verg\u00e4nglichkeit, aber auch der Wiederverwendung von scheinbar Unbrauchbarem, ist ihm ein k\u00fcnstlerisches Anliegen.<\/p>\n<\/div>\n<\/div>","protected":false},"excerpt":{"rendered":"<p>Geb. 1954 in Villach, K\u00e4rnten, \u00d6sterreich.Feilacher entwickelte sich nach einer l\u00e4ngeren Zeit als Maler in den achtziger Jahren als&nbsp;Bildhauer. Sein vorwiegendes Material war bis nach der Jahrtausendwende Holz, das er f\u00fcr&nbsp;Indoor und Outdoor \u2013 Skulpturen bis zu monumentalen Formaten bearbeitet. Seit 2002&nbsp;erweiterte er seine Materialien auf Kombinationen Holz-Stahl sowie Kunststoff (glasklare&nbsp;G\u00fcsse aus Polyurethan) und baut [&hellip;]<\/p>\n","protected":false},"author":1,"featured_media":0,"parent":7,"menu_order":0,"comment_status":"closed","ping_status":"closed","template":"","meta":{"_acf_changed":false,"footnotes":""},"class_list":["post-10","page","type-page","status-publish","hentry"],"acf":[],"_links":{"self":[{"href":"https:\/\/www.feilacher.com\/2k24\/en\/wp-json\/wp\/v2\/pages\/10","targetHints":{"allow":["GET"]}}],"collection":[{"href":"https:\/\/www.feilacher.com\/2k24\/en\/wp-json\/wp\/v2\/pages"}],"about":[{"href":"https:\/\/www.feilacher.com\/2k24\/en\/wp-json\/wp\/v2\/types\/page"}],"author":[{"embeddable":true,"href":"https:\/\/www.feilacher.com\/2k24\/en\/wp-json\/wp\/v2\/users\/1"}],"replies":[{"embeddable":true,"href":"https:\/\/www.feilacher.com\/2k24\/en\/wp-json\/wp\/v2\/comments?post=10"}],"version-history":[{"count":0,"href":"https:\/\/www.feilacher.com\/2k24\/en\/wp-json\/wp\/v2\/pages\/10\/revisions"}],"up":[{"embeddable":true,"href":"https:\/\/www.feilacher.com\/2k24\/en\/wp-json\/wp\/v2\/pages\/7"}],"wp:attachment":[{"href":"https:\/\/www.feilacher.com\/2k24\/en\/wp-json\/wp\/v2\/media?parent=10"}],"curies":[{"name":"wp","href":"https:\/\/api.w.org\/{rel}","templated":true}]}}